{"id":188,"date":"2022-12-06T00:10:12","date_gmt":"2022-12-06T00:10:12","guid":{"rendered":"https:\/\/g3j.com.co\/?page_id=188"},"modified":"2023-02-01T00:48:19","modified_gmt":"2023-02-01T00:48:19","slug":"gerencia-de-construccion","status":"publish","type":"page","link":"https:\/\/g3j.com.co\/index.php\/gerencia-de-construccion\/","title":{"rendered":"Gerencia de Construcci\u00f3n"},"content":{"rendered":"\t\t<div data-elementor-type=\"wp-page\" data-elementor-id=\"188\" class=\"elementor elementor-188\">\n\t\t\t\t\t\t<section class=\"elementor-section elementor-top-section elementor-element elementor-element-3775e366 elementor-section-height-min-height elementor-section-stretched elementor-section-boxed elementor-section-height-default elementor-section-items-middle elementor-invisible\" data-id=\"3775e366\" data-element_type=\"section\" data-settings=\"{&quot;stretch_section&quot;:&quot;section-stretched&quot;,&quot;background_background&quot;:&quot;classic&quot;,&quot;animation&quot;:&quot;fadeInDown&quot;}\">\n\t\t\t\t\t\t\t<div class=\"elementor-background-overlay\"><\/div>\n\t\t\t\t\t\t\t<div class=\"elementor-container elementor-column-gap-default\">\n\t\t\t\t\t<div class=\"elementor-column elementor-col-100 elementor-top-column elementor-element elementor-element-5820cb9e\" data-id=\"5820cb9e\" data-element_type=\"column\">\n\t\t\t<div class=\"elementor-widget-wrap elementor-element-populated\">\n\t\t\t\t\t\t<div class=\"elementor-element elementor-element-2afefb0 elementor-invisible elementor-widget elementor-widget-heading\" data-id=\"2afefb0\" data-element_type=\"widget\" data-settings=\"{&quot;_animation&quot;:&quot;fadeInLeft&quot;}\" data-widget_type=\"heading.default\">\n\t\t\t\t<div class=\"elementor-widget-container\">\n\t\t\t\t\t<h1 class=\"elementor-heading-title elementor-size-xxl\">Gerencia de Construcci\u00f3n<\/h1>\t\t\t\t<\/div>\n\t\t\t\t<\/div>\n\t\t\t\t\t<\/div>\n\t\t<\/div>\n\t\t\t\t\t<\/div>\n\t\t<\/section>\n\t\t\t\t<section class=\"elementor-section elementor-top-section elementor-element elementor-element-1040e442 elementor-section-stretched elementor-section-boxed elementor-section-height-default elementor-section-height-default\" data-id=\"1040e442\" data-element_type=\"section\" data-settings=\"{&quot;stretch_section&quot;:&quot;section-stretched&quot;,&quot;background_background&quot;:&quot;classic&quot;}\">\n\t\t\t\t\t\t<div class=\"elementor-container elementor-column-gap-default\">\n\t\t\t\t\t<div class=\"elementor-column elementor-col-50 elementor-top-column elementor-element elementor-element-759aef64\" data-id=\"759aef64\" data-element_type=\"column\">\n\t\t\t<div class=\"elementor-widget-wrap elementor-element-populated\">\n\t\t\t\t\t\t<div class=\"elementor-element elementor-element-6f0cb475 elementor-invisible elementor-widget elementor-widget-image\" data-id=\"6f0cb475\" data-element_type=\"widget\" data-settings=\"{&quot;_animation&quot;:&quot;fadeInDown&quot;}\" data-widget_type=\"image.default\">\n\t\t\t\t<div class=\"elementor-widget-container\">\n\t\t\t\t\t\t\t\t\t\t\t\t\t\t\t<img decoding=\"async\" width=\"70\" height=\"70\" src=\"https:\/\/g3j.com.co\/wp-content\/uploads\/2023\/01\/GerenciaIcon.png\" class=\"attachment-large size-large wp-image-505\" alt=\"\" \/>\t\t\t\t\t\t\t\t\t\t\t\t\t\t\t<\/div>\n\t\t\t\t<\/div>\n\t\t\t\t<div class=\"elementor-element elementor-element-25433a00 animated-slow elementor-invisible elementor-widget elementor-widget-text-editor\" data-id=\"25433a00\" data-element_type=\"widget\" data-settings=\"{&quot;_animation&quot;:&quot;fadeInLeft&quot;}\" data-widget_type=\"text-editor.default\">\n\t\t\t\t<div class=\"elementor-widget-container\">\n\t\t\t\t\t\t\t\t\t<p>En G&amp;3J INGENIER\u00cdA, dise\u00f1amos un modelo de servicio que se ajuste a sus proyectos en las \u00e1reas de:<\/p>\t\t\t\t\t\t\t\t<\/div>\n\t\t\t\t<\/div>\n\t\t\t\t<div class=\"elementor-element elementor-element-af64764 animated-fast elementor-invisible elementor-widget elementor-widget-text-editor\" data-id=\"af64764\" data-element_type=\"widget\" data-settings=\"{&quot;_animation&quot;:&quot;fadeInLeft&quot;}\" data-widget_type=\"text-editor.default\">\n\t\t\t\t<div class=\"elementor-widget-container\">\n\t\t\t\t\t\t\t\t\t<ul><li>Estructuras<\/li><li>Acabados<\/li><li>Infraestructura<\/li><\/ul>\t\t\t\t\t\t\t\t<\/div>\n\t\t\t\t<\/div>\n\t\t\t\t\t<\/div>\n\t\t<\/div>\n\t\t\t\t<div class=\"elementor-column elementor-col-50 elementor-top-column elementor-element elementor-element-19163651\" data-id=\"19163651\" data-element_type=\"column\">\n\t\t\t<div class=\"elementor-widget-wrap elementor-element-populated\">\n\t\t\t\t\t\t<div class=\"elementor-element elementor-element-688a30c3 elementor-invisible elementor-widget elementor-widget-image\" data-id=\"688a30c3\" data-element_type=\"widget\" data-settings=\"{&quot;_animation&quot;:&quot;fadeInRight&quot;}\" data-widget_type=\"image.default\">\n\t\t\t\t<div class=\"elementor-widget-container\">\n\t\t\t\t\t\t\t\t\t\t\t\t\t\t\t<img fetchpriority=\"high\" decoding=\"async\" width=\"1024\" height=\"768\" src=\"https:\/\/g3j.com.co\/wp-content\/uploads\/2022\/12\/Diap3-1024x768.jpg\" class=\"attachment-large size-large wp-image-233\" alt=\"\" srcset=\"https:\/\/g3j.com.co\/wp-content\/uploads\/2022\/12\/Diap3-1024x768.jpg 1024w, https:\/\/g3j.com.co\/wp-content\/uploads\/2022\/12\/Diap3-300x225.jpg 300w, https:\/\/g3j.com.co\/wp-content\/uploads\/2022\/12\/Diap3-768x576.jpg 768w, https:\/\/g3j.com.co\/wp-content\/uploads\/2022\/12\/Diap3-1536x1152.jpg 1536w, https:\/\/g3j.com.co\/wp-content\/uploads\/2022\/12\/Diap3.jpg 1600w\" sizes=\"(max-width: 1024px) 100vw, 1024px\" \/>\t\t\t\t\t\t\t\t\t\t\t\t\t\t\t<\/div>\n\t\t\t\t<\/div>\n\t\t\t\t\t<\/div>\n\t\t<\/div>\n\t\t\t\t\t<\/div>\n\t\t<\/section>\n\t\t\t\t<section class=\"elementor-section elementor-top-section elementor-element elementor-element-963a9f0 elementor-section-stretched elementor-section-boxed elementor-section-height-default elementor-section-height-default\" data-id=\"963a9f0\" data-element_type=\"section\" data-settings=\"{&quot;stretch_section&quot;:&quot;section-stretched&quot;,&quot;background_background&quot;:&quot;classic&quot;}\">\n\t\t\t\t\t\t<div class=\"elementor-container elementor-column-gap-default\">\n\t\t\t\t\t<div class=\"elementor-column elementor-col-50 elementor-top-column elementor-element elementor-element-2c6a391\" data-id=\"2c6a391\" data-element_type=\"column\">\n\t\t\t<div class=\"elementor-widget-wrap elementor-element-populated\">\n\t\t\t\t\t\t<div class=\"elementor-element elementor-element-acfb11d elementor-invisible elementor-widget elementor-widget-image\" data-id=\"acfb11d\" data-element_type=\"widget\" data-settings=\"{&quot;_animation&quot;:&quot;fadeInLeft&quot;}\" data-widget_type=\"image.default\">\n\t\t\t\t<div class=\"elementor-widget-container\">\n\t\t\t\t\t\t\t\t\t\t\t\t\t\t\t<img decoding=\"async\" width=\"800\" height=\"600\" src=\"https:\/\/g3j.com.co\/wp-content\/uploads\/2023\/01\/gerenci2.png\" class=\"attachment-large size-large wp-image-510\" alt=\"\" srcset=\"https:\/\/g3j.com.co\/wp-content\/uploads\/2023\/01\/gerenci2.png 800w, https:\/\/g3j.com.co\/wp-content\/uploads\/2023\/01\/gerenci2-300x225.png 300w, https:\/\/g3j.com.co\/wp-content\/uploads\/2023\/01\/gerenci2-768x576.png 768w\" sizes=\"(max-width: 800px) 100vw, 800px\" \/>\t\t\t\t\t\t\t\t\t\t\t\t\t\t\t<\/div>\n\t\t\t\t<\/div>\n\t\t\t\t\t<\/div>\n\t\t<\/div>\n\t\t\t\t<div class=\"elementor-column elementor-col-50 elementor-top-column elementor-element elementor-element-e4acb5c elementor-invisible\" data-id=\"e4acb5c\" data-element_type=\"column\" data-settings=\"{&quot;animation&quot;:&quot;fadeInRight&quot;}\">\n\t\t\t<div class=\"elementor-widget-wrap elementor-element-populated\">\n\t\t\t\t\t\t<div class=\"elementor-element elementor-element-cf57bf2 animated-slow elementor-invisible elementor-widget elementor-widget-text-editor\" data-id=\"cf57bf2\" data-element_type=\"widget\" data-settings=\"{&quot;_animation&quot;:&quot;fadeInLeft&quot;}\" data-widget_type=\"text-editor.default\">\n\t\t\t\t<div class=\"elementor-widget-container\">\n\t\t\t\t\t\t\t\t\t<p>En G&amp;3J INGENIER\u00cdA realizamos gesti\u00f3n y apoyo en las actividades de gerencia y coordinaci\u00f3n de proyectos as\u00ed:<\/p>\t\t\t\t\t\t\t\t<\/div>\n\t\t\t\t<\/div>\n\t\t\t\t<div class=\"elementor-element elementor-element-6b07fa3 animated-fast elementor-invisible elementor-widget elementor-widget-text-editor\" data-id=\"6b07fa3\" data-element_type=\"widget\" data-settings=\"{&quot;_animation&quot;:&quot;fadeInLeft&quot;}\" data-widget_type=\"text-editor.default\">\n\t\t\t\t<div class=\"elementor-widget-container\">\n\t\t\t\t\t\t\t\t\t<ul><li>Prefactibilidad y factibilidad econ\u00f3mica de proyectos.<\/li><li>Flujo de caja<\/li><li>Planeaci\u00f3n, ejecuci\u00f3n y control de proyectos<\/li><li>Estructuraci\u00f3n y mejora de procesos constructivos y organizacionales.<\/li><li>Planes de control<\/li><li>M\u00e9todos constructivos<\/li><\/ul>\t\t\t\t\t\t\t\t<\/div>\n\t\t\t\t<\/div>\n\t\t\t\t\t<\/div>\n\t\t<\/div>\n\t\t\t\t\t<\/div>\n\t\t<\/section>\n\t\t\t\t<\/div>\n\t\t","protected":false},"excerpt":{"rendered":"<p>Gerencia de Construcci\u00f3n En G&amp;3J INGENIER\u00cdA, dise\u00f1amos un modelo de servicio que se ajuste a sus proyectos en las \u00e1reas de: Estructuras Acabados Infraestructura En G&amp;3J INGENIER\u00cdA realizamos gesti\u00f3n y apoyo en las actividades de gerencia y coordinaci\u00f3n de proyectos as\u00ed: Prefactibilidad y factibilidad econ\u00f3mica de proyectos. Flujo de caja Planeaci\u00f3n, ejecuci\u00f3n y control de [&hellip;]<\/p>\n","protected":false},"author":1,"featured_media":0,"parent":0,"menu_order":0,"comment_status":"closed","ping_status":"closed","template":"","meta":{"om_disable_all_campaigns":false,"_monsterinsights_skip_tracking":false,"_monsterinsights_sitenote_active":false,"_monsterinsights_sitenote_note":"","_monsterinsights_sitenote_category":0,"_joinchat":[],"footnotes":""},"class_list":["post-188","page","type-page","status-publish","hentry","entry"],"aioseo_notices":[],"_links":{"self":[{"href":"https:\/\/g3j.com.co\/index.php\/wp-json\/wp\/v2\/pages\/188","targetHints":{"allow":["GET"]}}],"collection":[{"href":"https:\/\/g3j.com.co\/index.php\/wp-json\/wp\/v2\/pages"}],"about":[{"href":"https:\/\/g3j.com.co\/index.php\/wp-json\/wp\/v2\/types\/page"}],"author":[{"embeddable":true,"href":"https:\/\/g3j.com.co\/index.php\/wp-json\/wp\/v2\/users\/1"}],"replies":[{"embeddable":true,"href":"https:\/\/g3j.com.co\/index.php\/wp-json\/wp\/v2\/comments?post=188"}],"version-history":[{"count":35,"href":"https:\/\/g3j.com.co\/index.php\/wp-json\/wp\/v2\/pages\/188\/revisions"}],"predecessor-version":[{"id":666,"href":"https:\/\/g3j.com.co\/index.php\/wp-json\/wp\/v2\/pages\/188\/revisions\/666"}],"wp:attachment":[{"href":"https:\/\/g3j.com.co\/index.php\/wp-json\/wp\/v2\/media?parent=188"}],"curies":[{"name":"wp","href":"https:\/\/api.w.org\/{rel}","templated":true}]}}