{"id":811,"date":"2023-02-16T02:07:06","date_gmt":"2023-02-16T02:07:06","guid":{"rendered":"https:\/\/g3j.com.co\/?page_id=811"},"modified":"2023-02-16T02:15:57","modified_gmt":"2023-02-16T02:15:57","slug":"politica-de-privacidad-y-otros","status":"publish","type":"page","link":"https:\/\/g3j.com.co\/index.php\/politica-de-privacidad-y-otros\/","title":{"rendered":"Pol\u00edtica de privacidad y otros"},"content":{"rendered":"\t\t<div data-elementor-type=\"wp-page\" data-elementor-id=\"811\" class=\"elementor elementor-811\">\n\t\t\t\t\t\t<section class=\"elementor-section elementor-top-section elementor-element elementor-element-420c9fc elementor-section-stretched elementor-section-boxed elementor-section-height-default elementor-section-height-default\" data-id=\"420c9fc\" data-element_type=\"section\" data-settings=\"{&quot;stretch_section&quot;:&quot;section-stretched&quot;,&quot;background_background&quot;:&quot;classic&quot;}\">\n\t\t\t\t\t\t<div class=\"elementor-container elementor-column-gap-default\">\n\t\t\t\t\t<div class=\"elementor-column elementor-col-100 elementor-top-column elementor-element elementor-element-7632904\" data-id=\"7632904\" data-element_type=\"column\">\n\t\t\t<div class=\"elementor-widget-wrap elementor-element-populated\">\n\t\t\t\t\t\t<div class=\"elementor-element elementor-element-ab3f6fe elementor-widget-divider--view-line elementor-widget elementor-widget-divider\" data-id=\"ab3f6fe\" data-element_type=\"widget\" data-widget_type=\"divider.default\">\n\t\t\t\t<div class=\"elementor-widget-container\">\n\t\t\t\t\t\t\t<div class=\"elementor-divider\">\n\t\t\t<span class=\"elementor-divider-separator\">\n\t\t\t\t\t\t<\/span>\n\t\t<\/div>\n\t\t\t\t\t\t<\/div>\n\t\t\t\t<\/div>\n\t\t\t\t<div class=\"elementor-element elementor-element-2bba02f elementor-widget elementor-widget-heading\" data-id=\"2bba02f\" data-element_type=\"widget\" data-widget_type=\"heading.default\">\n\t\t\t\t<div class=\"elementor-widget-container\">\n\t\t\t\t\t<h2 class=\"elementor-heading-title elementor-size-default\">POL\u00cdTICA PARA LA PROTECCI\u00d3N DE DATOS PERSONALES<\/h2>\t\t\t\t<\/div>\n\t\t\t\t<\/div>\n\t\t\t\t<div class=\"elementor-element elementor-element-8e22748 elementor-widget-divider--view-line elementor-widget elementor-widget-divider\" data-id=\"8e22748\" data-element_type=\"widget\" data-widget_type=\"divider.default\">\n\t\t\t\t<div class=\"elementor-widget-container\">\n\t\t\t\t\t\t\t<div class=\"elementor-divider\">\n\t\t\t<span class=\"elementor-divider-separator\">\n\t\t\t\t\t\t<\/span>\n\t\t<\/div>\n\t\t\t\t\t\t<\/div>\n\t\t\t\t<\/div>\n\t\t\t\t<div class=\"elementor-element elementor-element-afe689c elementor-widget elementor-widget-text-editor\" data-id=\"afe689c\" data-element_type=\"widget\" data-widget_type=\"text-editor.default\">\n\t\t\t\t<div class=\"elementor-widget-container\">\n\t\t\t\t\t\t\t\t\t<p><span style=\"font-size: 14px;\">Responsable de las Bases de datos: G&amp;3J Ingenier\u00eda SAS<\/span><\/p><p>Ciudad: Bogot\u00e1 (Colombia)<\/p><p><b>Correo electr\u00f3nico: Josev.jimenez@g3j.com.co<\/b><\/p><p><span style=\"font-family: Roboto, sans-serif; font-size: 14px; font-style: normal; font-variant-ligatures: normal; font-variant-caps: normal; font-weight: bold;\">G&amp;3J Ingenier\u00eda SAS<\/span>, empresa comprometida con el cumplimiento estricto de la normatividad en materia de datos personales. En virtud a ello, ha establecido el presente\u00a0<b>MANUAL INTERNO DE POL\u00cdTICAS Y PROCEDIMIENTOS DEL TRATAMIENTO DE BASES DE DATOS PERSONALES<\/b>\u00a0(En adelante \u201cEL MANUAL\u201d), el cual contendr\u00e1 a nivel general los derechos que les asisten a los titulares de los datos p\u00fablicos, semip\u00fablicos, privados y sensibles, el tratamiento y los mecanismos para hacer valer sus Derechos de conformidad con la normatividad vigente, en los siguientes t\u00e9rminos.<\/p><p><span style=\"font-family: Roboto, sans-serif; font-size: 14px; font-style: normal; font-variant-ligatures: normal; font-variant-caps: normal; font-weight: bold;\">G&amp;3J Ingenier\u00eda SAS<\/span>\u00a0es la Responsable del tratamiento de Datos Personales y en cumplimiento a lo establecido en el art\u00edculo 13 del Decreto Reglamentario 1377 de 2013, adopta y hace p\u00fablico a todos los interesados el presente Manual que contiene todos los elementos esenciales, sencillos y seguros para el cumplimiento con la legislaci\u00f3n correspondiente a la Protecci\u00f3n de Datos Personales. Asimismo, el presente Manual servir\u00e1 como material de consulta para todos aquellos sectores que se de inter\u00e9s o que sostengan alg\u00fan tipo de relaci\u00f3n con nuestra empresa, contribuyendo as\u00ed al correcto conocimiento del derecho fundamental a la Protecci\u00f3n de Datos Personales y el adecuado funcionamiento del tratamiento de datos en diferentes \u00e1mbitos de aplicaci\u00f3n.<\/p><h4>LEY APLICABLE<\/h4><p>El presente \u201cMANUAL\u201d ha sido desarrollado bajo lo dispuesto en los art\u00edculos 15 y 20 de la Constituci\u00f3n Pol\u00edtica de Colombia, que consagran el Derecho Fundamental al Habeas Data, la Ley 1581 de 2012 \u00abpor la cual se dictan disposiciones generales para la protecci\u00f3n de datos personales\u00bb y el Decreto 1377 de 2013 \u00abpor el cual se reglamenta parcialmente la Ley 1581 de 2012\u00bb y el decreto 090 del 2018 \u00abpor el cu\u00e1l se reglamenta las empresas que est\u00e1n obligadas a reportar las bases ante la SIC\u00bb.<\/p><p>La Ley Estatutaria 1581 de 2012, por la cual se dictan disposiciones generales para la protecci\u00f3n de datos personales, tiene por objeto desarrollar el derecho constitucional que tienen todas las personas a conocer, actualizar y rectificar las informaciones que se hayan recogido sobre ellas en bases de datos o archivos, y los dem\u00e1s derechos, libertades y garant\u00edas constitucionales a que se refiere el art\u00edculo 15 de la Constituci\u00f3n Pol\u00edtica; as\u00ed como el derecho a la informaci\u00f3n consagrado en el art\u00edculo 20 de la misma.<\/p><h4>OBJETO DEL MANUAL<\/h4><p>El MANUAL desarrolla las obligaciones contenidas en el literal k) del art\u00edculo 17 y en el literal f) del art\u00edculo 18 de la Ley 1581 de 2012, los cuales regulan los deberes que asisten a los responsables y encargados del tratamiento de datos personales, as\u00ed como a lo dispuesto en el Cap\u00edtulo Tercero del Decreto 1377 de 2013 sobre \u00abPol\u00edticas de Tratamiento\u00bb, el cual dispone que \u201cLos responsables del tratamiento deber\u00e1n desarrollar sus pol\u00edticas para el tratamiento de los datos personales y velar porque los Encargados del Tratamiento den cabal cumplimiento a las mismas\u201d.<\/p><h4>DEFINICIONES<\/h4><p>Las siguientes definiciones, permiten una correcta y apropiada interpretaci\u00f3n de la Ley 1581 de 2012 y sus decretos reglamentarios, y son indispensables para la protecci\u00f3n del habeas data, lo que contribuye a determinar las responsabilidades de los involucrados en el tratamiento de datos personales.<\/p><p>Para efectos de dar claridad y transparencia a la lectura del presente MANUAL, se desarrollar\u00e1n las siguientes definiciones:<\/p><ul><li><b>Autorizaci\u00f3n<\/b>: Consentimiento previo, expreso e informado del Titular para llevar a cabo el Tratamiento de datos personales.<\/li><li><b>Aviso de privacidad<\/b>: Documento f\u00edsico, electr\u00f3nico o en cualquier otro formato generado por el Responsable que se pone a disposici\u00f3n del Titular para el tratamiento de sus datos personales. En el Aviso de Privacidad se comunica al titular la informaci\u00f3n relativa a la existencia de las pol\u00edticas de tratamiento de informaci\u00f3n que le ser\u00e1n aplicables, la forma de acceder a las mismas y las caracter\u00edsticas del tratamiento que se pretende dar a los datos personales.<\/li><li><b>Base de Datos<\/b>: Conjunto organizado de datos personales que sea objeto de Tratamiento.<\/li><li><b>Dato personal<\/b>: Cualquier informaci\u00f3n vinculada o que pueda asociarse a una o varias personas naturales determinadas o determinables<\/li><li><b>Dato privado<\/b>: Es aquel que por su naturaleza \u00edntima o reservada s\u00f3lo es relevante para el Titular.<\/li><li><b>Dato p\u00fablico<\/b>: Es el dato que no sea semiprivado, privado o sensible. Son considerados datos p\u00fablicos, entre otros, los datos relativos al estado civil de las personas, a su profesi\u00f3n u oficio y a su calidad de comerciante o de servidor p\u00fablico. Por su naturaleza, los datos p\u00fablicos pueden estar contenidos, entre otros, en registros p\u00fablicos, documentos p\u00fablicos, gacetas y boletines oficiales y sentencias judiciales debidamente ejecutoriadas que no est\u00e9n sometidas a reserva.<ul><li><b>Dato personal p\u00fablico<\/b>: Toda informaci\u00f3n personal que es de conocimiento libre y abierto para el p\u00fablico en general.<\/li><li><b>Dato personal privado<\/b>: Toda informaci\u00f3n personal que tiene un conocimiento restringido, y en principio privado para el p\u00fablico en general.<\/li><li><b>Dato semiprivado<\/b>: Es semiprivado el dato que no tiene naturaleza \u00edntima, reservada, ni p\u00fablica y cuyo conocimiento o divulgaci\u00f3n puede interesar no s\u00f3lo a su titular sino a cierto sector o grupo de personas o a la sociedad en general.<\/li><\/ul><\/li><li><b>Datos sensibles<\/b>: se trata de aquella informaci\u00f3n que afecta la intimidad del Titular o cuyo uso indebido puede generar su discriminaci\u00f3n, tales como aquellos que revelen el origen racial o \u00e9tnico, la orientaci\u00f3n pol\u00edtica, las convicciones religiosas o filos\u00f3ficas, la pertenencia a sindicatos, organizaciones sociales o de derechos humanos, o que promueva intereses de cualquier partido pol\u00edtico o que garanticen los derechos y garant\u00edas de partidos pol\u00edticos de oposici\u00f3n, as\u00ed como los datos relativos a la salud, a la vida sexual y los datos biom\u00e9tricos.<\/li><li><b>Encargado del Tratamiento<\/b>: Persona natural o jur\u00eddica, p\u00fablica o privada, que por s\u00ed misma o en asocio con otros, realice el Tratamiento de datos personales por cuenta del Responsable del Tratamiento.<\/li><li><b>Responsable del Tratamiento<\/b>: Persona natural o jur\u00eddica, p\u00fablica o privada, que por s\u00ed misma o en asocio con otros, decida sobre la base de datos y\/o el Tratamiento de los datos.<\/li><li><b>Titular<\/b>: Persona natural cuyos datos personales sean objeto de Tratamiento.<\/li><li><b>Tratamiento<\/b>: Cualquier operaci\u00f3n o conjunto de operaciones sobre datos personales, tales como la recolecci\u00f3n, almacenamiento, uso, circulaci\u00f3n o supresi\u00f3n.<ul><li><b>Transferencia<\/b>: La transferencia de datos tiene lugar cuando el responsable y\/o encargado del tratamiento de datos personales, ubicado en Colombia, env\u00eda la informaci\u00f3n o los datos personales a un receptor, que a su vez es responsable del tratamiento y se encuentra dentro o fuera del pa\u00eds.<\/li><li><b>Transmisi\u00f3n<\/b>: Tratamiento de datos personales que implica la comunicaci\u00f3n de los mismos dentro o fuera del territorio de la Rep\u00fablica de Colombia cuando tenga por objeto la realizaci\u00f3n de un Tratamiento por el Encargado por cuenta del Responsable.<\/li><li><b>Oficial de protecci\u00f3n de datos<\/b>: Es la persona que tiene como funci\u00f3n la vigilancia y control de la aplicaci\u00f3n de la Pol\u00edtica de Protecci\u00f3n de Datos Personales, en la empresa, bajo la orientaci\u00f3n y lineamientos del Comit\u00e9 de Seguridad de la Informaci\u00f3n. El Comit\u00e9 de Seguridad de la Informaci\u00f3n designar\u00e1 el Oficial de Protecci\u00f3n de Datos.<\/li><\/ul><\/li><\/ul><h4>PRINCIPIOS PARA EL TRATAMIENTO DE DATOS PERSONALES<\/h4><p><b>G&amp;3J Ingenier\u00eda SAS<\/b>, aplicar\u00e1 los siguientes principios espec\u00edficos que se establecen a continuaci\u00f3n, los cuales constituyen las reglas a seguir en la recolecci\u00f3n, manejo, uso, tratamiento, almacenamiento e intercambio, de datos personales:<\/p><p><b>Acceso y Circulaci\u00f3n<\/b>: De acuerdo con las disposiciones legales, los datos operados por\u00a0<span style=\"font-variant-ligatures: normal; font-variant-caps: normal; font-family: Roboto, sans-serif; font-size: 14px; font-style: normal; font-weight: bold;\">G&amp;3J Ingenier\u00eda SAS<\/span>\u00a0en el cumplimiento de sus funciones registrales, est\u00e1n destinados a cumplir una funci\u00f3n de publicidad y por lo tanto se garantizar\u00e1 su acceso, de conformidad con lo establecido en la Ley. Sobre datos provenientes de otras fuentes, el acceso y circulaci\u00f3n ser\u00e1 restringido acorde con la naturaleza del dato y con las autorizaciones dadas por el Titular o dem\u00e1s personas previstas en la Ley.<\/p><p><b>Confidencialidad<\/b>: Atendiendo la anterior definici\u00f3n, se garantiza la confidencialidad de los datos dependiendo de la naturaleza del mismo. Por lo tanto, se guardar\u00e1 reserva de la informaci\u00f3n durante y despu\u00e9s de terminadas las actividades que justifican el tratamiento de los datos personales.<\/p><p><b>Finalidad<\/b>: Leg\u00edtima, informada, temporal y material. La finalidad corresponde a las funciones p\u00fablicas otorgadas legalmente. Asimismo,\u00a0<span style=\"font-variant-ligatures: normal; font-variant-caps: normal; font-family: Roboto, sans-serif; font-size: 14px; font-style: normal; font-weight: bold;\">G&amp;3J Ingenier\u00eda SAS<\/span>\u00a0tratar\u00e1 datos de car\u00e1cter personal cuando lo requiera para el desarrollo de sus funciones de car\u00e1cter privado.<\/p><p><b>Legalidad<\/b>: Fines leg\u00edtimos y sujetos a la Ley 1581 de 2012.<\/p><p><b>Libertad<\/b>:\u00a0<span style=\"font-variant-ligatures: normal; font-variant-caps: normal; font-family: Roboto, sans-serif; font-size: 14px; font-style: normal; font-weight: bold;\">G&amp;3J Ingenier\u00eda SAS<\/span>\u00a0garantiza el derecho a la autodeterminaci\u00f3n informativa de los titulares que suministren datos de car\u00e1cter personal.<\/p><p><b>Seguridad<\/b>: Medidas t\u00e9cnicas, humanas y administrativas necesarias para evitar adulteraci\u00f3n, p\u00e9rdida, consulta, uso o acceso no autorizado o fraudulento.<\/p><p><b>Transparencia<\/b>:\u00a0<span style=\"font-variant-ligatures: normal; font-variant-caps: normal; font-family: Roboto, sans-serif; font-size: 14px; font-style: normal; font-weight: bold;\">G&amp;3J Ingenier\u00eda SAS<\/span>\u00a0garantiza a los titulares de datos personales, el derecho de acceso y conocimiento de la informaci\u00f3n de car\u00e1cter personal que est\u00e9n siendo tratada con forme a lo establecido por el Decreto Reglamentario 1377 de 2013.<\/p><p><b>Veracidad o Calidad<\/b>: Informaci\u00f3n veraz, completa, exacta, actualizada, comprobable y comprensible.<\/p><p><b>Principio de acceso y circulaci\u00f3n restringida.<\/b><\/p><p>El tratamiento se sujeta a los l\u00edmites que se derivan de la naturaleza de los datos personales, de las disposiciones del presente Manual, de la Ley, y la Constituci\u00f3n. En este sentido, el tratamiento s\u00f3lo podr\u00e1 hacerse por personas autorizadas por el Titular y\/o por las personas previstas por ley. Los datos personales, excepto aquellos de naturaleza p\u00fablica, no podr\u00e1n estar disponibles en Internet u otros medios de divulgaci\u00f3n o comunicaci\u00f3n masiva, salvo que el acceso sea t\u00e9cnicamente controlable para brindar un conocimiento restringido a los Titulares o terceros autorizados. Para estos prop\u00f3sitos, la obligaci\u00f3n de la\u00a0<span style=\"font-variant-ligatures: normal; font-variant-caps: normal; font-family: Roboto, sans-serif; font-size: 14px; font-style: normal; font-weight: bold;\">G&amp;3J Ingenier\u00eda SAS\u00a0<\/span>ser\u00e1 de medio y no de resultado.<\/p>\t\t\t\t\t\t\t\t<\/div>\n\t\t\t\t<\/div>\n\t\t\t\t<div class=\"elementor-element elementor-element-ea625da elementor-widget-divider--view-line elementor-widget elementor-widget-divider\" data-id=\"ea625da\" data-element_type=\"widget\" data-widget_type=\"divider.default\">\n\t\t\t\t<div class=\"elementor-widget-container\">\n\t\t\t\t\t\t\t<div class=\"elementor-divider\">\n\t\t\t<span class=\"elementor-divider-separator\">\n\t\t\t\t\t\t<\/span>\n\t\t<\/div>\n\t\t\t\t\t\t<\/div>\n\t\t\t\t<\/div>\n\t\t\t\t<div class=\"elementor-element elementor-element-699cbba elementor-widget elementor-widget-heading\" data-id=\"699cbba\" data-element_type=\"widget\" data-widget_type=\"heading.default\">\n\t\t\t\t<div class=\"elementor-widget-container\">\n\t\t\t\t\t<h2 class=\"elementor-heading-title elementor-size-default\">MANEJO DE IMAGEN Y MATERIAL FOTOG\u00c1FICO<\/h2>\t\t\t\t<\/div>\n\t\t\t\t<\/div>\n\t\t\t\t<div class=\"elementor-element elementor-element-1939d8d elementor-widget-divider--view-line elementor-widget elementor-widget-divider\" data-id=\"1939d8d\" data-element_type=\"widget\" data-widget_type=\"divider.default\">\n\t\t\t\t<div class=\"elementor-widget-container\">\n\t\t\t\t\t\t\t<div class=\"elementor-divider\">\n\t\t\t<span class=\"elementor-divider-separator\">\n\t\t\t\t\t\t<\/span>\n\t\t<\/div>\n\t\t\t\t\t\t<\/div>\n\t\t\t\t<\/div>\n\t\t\t\t<div class=\"elementor-element elementor-element-a012b55 elementor-widget elementor-widget-text-editor\" data-id=\"a012b55\" data-element_type=\"widget\" data-widget_type=\"text-editor.default\">\n\t\t\t\t<div class=\"elementor-widget-container\">\n\t\t\t\t\t\t\t\t\t<p>El material publicado en este sitio web cuenta con la autorizaci\u00f3n expresa de las persona que lo produjeron. En caso de las fotograf\u00edas de proyectos son material gr\u00e1fico perteneciente a estas mismas compa\u00f1\u00edas que nos han autorizado a publicarlo como muestr testimonial de los trabajos realizados.<\/p>\t\t\t\t\t\t\t\t<\/div>\n\t\t\t\t<\/div>\n\t\t\t\t\t<\/div>\n\t\t<\/div>\n\t\t\t\t\t<\/div>\n\t\t<\/section>\n\t\t\t\t<\/div>\n\t\t","protected":false},"excerpt":{"rendered":"<p>POL\u00cdTICA PARA LA PROTECCI\u00d3N DE DATOS PERSONALES Responsable de las Bases de datos: G&amp;3J Ingenier\u00eda SAS Ciudad: Bogot\u00e1 (Colombia) Correo electr\u00f3nico: Josev.jimenez@g3j.com.co G&amp;3J Ingenier\u00eda SAS, empresa comprometida con el cumplimiento estricto de la normatividad en materia de datos personales. En virtud a ello, ha establecido el presente\u00a0MANUAL INTERNO DE POL\u00cdTICAS Y PROCEDIMIENTOS DEL TRATAMIENTO DE [&hellip;]<\/p>\n","protected":false},"author":1,"featured_media":0,"parent":0,"menu_order":0,"comment_status":"closed","ping_status":"closed","template":"","meta":{"om_disable_all_campaigns":false,"_monsterinsights_skip_tracking":false,"_monsterinsights_sitenote_active":false,"_monsterinsights_sitenote_note":"","_monsterinsights_sitenote_category":0,"_joinchat":[],"footnotes":""},"class_list":["post-811","page","type-page","status-publish","hentry","entry"],"aioseo_notices":[],"_links":{"self":[{"href":"https:\/\/g3j.com.co\/index.php\/wp-json\/wp\/v2\/pages\/811","targetHints":{"allow":["GET"]}}],"collection":[{"href":"https:\/\/g3j.com.co\/index.php\/wp-json\/wp\/v2\/pages"}],"about":[{"href":"https:\/\/g3j.com.co\/index.php\/wp-json\/wp\/v2\/types\/page"}],"author":[{"embeddable":true,"href":"https:\/\/g3j.com.co\/index.php\/wp-json\/wp\/v2\/users\/1"}],"replies":[{"embeddable":true,"href":"https:\/\/g3j.com.co\/index.php\/wp-json\/wp\/v2\/comments?post=811"}],"version-history":[{"count":8,"href":"https:\/\/g3j.com.co\/index.php\/wp-json\/wp\/v2\/pages\/811\/revisions"}],"predecessor-version":[{"id":820,"href":"https:\/\/g3j.com.co\/index.php\/wp-json\/wp\/v2\/pages\/811\/revisions\/820"}],"wp:attachment":[{"href":"https:\/\/g3j.com.co\/index.php\/wp-json\/wp\/v2\/media?parent=811"}],"curies":[{"name":"wp","href":"https:\/\/api.w.org\/{rel}","templated":true}]}}